{"id":693,"date":"2021-10-19T23:42:18","date_gmt":"2021-10-19T23:42:18","guid":{"rendered":"https:\/\/www.vigar.mx\/?page_id=693"},"modified":"2021-10-20T00:29:03","modified_gmt":"2021-10-20T00:29:03","slug":"legal-information","status":"publish","type":"page","link":"https:\/\/www.vigar.mx\/en\/legal-information\/","title":{"rendered":"legal Information"},"content":{"rendered":"<p>[et_pb_section fb_built=&#8221;1&#8243; fullwidth=&#8221;on&#8221; _builder_version=&#8221;4.8.2&#8243; _module_preset=&#8221;default&#8221; global_colors_info=&#8221;{}&#8221;][et_pb_fullwidth_header title=&#8221;LEGAL INFORMATION&#8221; text_orientation=&#8221;right&#8221; _builder_version=&#8221;4.9.0&#8243; _module_preset=&#8221;default&#8221; title_text_color=&#8221;gcid-8efc544f-536e-4b39-8dc6-161b5c027643&#8243; background_color=&#8221;#F8ECD5&#8243; background_layout=&#8221;light&#8221; custom_padding=&#8221;30px||30px||true|&#8221; global_colors_info=&#8221;{%22gcid-8efc544f-536e-4b39-8dc6-161b5c027643%22:%91%22title_text_color%22%93}&#8221;][\/et_pb_fullwidth_header][\/et_pb_section][et_pb_section fb_built=&#8221;1&#8243; _builder_version=&#8221;4.9.2&#8243; _module_preset=&#8221;default&#8221; global_colors_info=&#8221;{}&#8221;][et_pb_row _builder_version=&#8221;4.9.2&#8243; _module_preset=&#8221;default&#8221; global_colors_info=&#8221;{}&#8221;][et_pb_column type=&#8221;4_4&#8243; _builder_version=&#8221;4.9.2&#8243; _module_preset=&#8221;default&#8221; global_colors_info=&#8221;{}&#8221;][et_pb_text _builder_version=&#8221;4.9.2&#8243; _module_preset=&#8221;default&#8221; global_colors_info=&#8221;{}&#8221; custom_padding=&#8221;||0px|||&#8221;]<\/p>\n<p>Sigma Alimentos makes the necessary efforts to ensure that the information contained in this page is correct at the time of its inclusion in it. However, there may occasionally be some inadvertent errors and inaccuracies. Sigma Alimentos does not provide guarantees of any kind about the information contained in this page, including the links and other accessories used directly or indirectly and, at the same time, reserves the right to make any modification or change without prior notice.<\/p>\n<p>Sigma Alimentos does not accept any responsibility for direct or indirect damages or prejudices as a consequence of the use of the information contained in this page.<\/p>\n<p>The information included on this page does not constitute or should be construed as an invitation to invest or do business with Alfa shares.<\/p>\n<p>The visitor who provides information to Sigma Alimentos, through this World Wide Web Site, implicitly accepts that this information is non-confidential and that Sigma Alimentos has the right to use it for the purposes it deems convenient.<\/p>\n<p>[\/et_pb_text][\/et_pb_column][\/et_pb_row][\/et_pb_section]<\/p>\n","protected":false},"excerpt":{"rendered":"<p>Sigma Alimentos makes the necessary efforts to ensure that the information contained in this page is correct at the time of its inclusion in it. However, there may occasionally be some inadvertent errors and inaccuracies. Sigma Alimentos does not provide guarantees of any kind about the information contained in this page, including the links and [&hellip;]<\/p>\n","protected":false},"author":1,"featured_media":0,"parent":0,"menu_order":0,"comment_status":"closed","ping_status":"closed","template":"","meta":{"_et_pb_use_builder":"on","_et_pb_old_content":"[et_pb_section fb_built=\"1\" fullwidth=\"on\" _builder_version=\"4.8.2\" _module_preset=\"default\"][et_pb_fullwidth_header title=\"Informaci\u00f3n legal\" text_orientation=\"right\" _builder_version=\"4.9.0\" _module_preset=\"default\" title_text_color=\"gcid-8efc544f-536e-4b39-8dc6-161b5c027643\" background_color=\"#F8ECD5\" background_layout=\"light\" custom_padding=\"30px||30px||true|\" global_colors_info=\"{%22gcid-8efc544f-536e-4b39-8dc6-161b5c027643%22:%91%22title_text_color%22%93}\"][\/et_pb_fullwidth_header][\/et_pb_section][et_pb_section fb_built=\"1\" _builder_version=\"4.9.2\" _module_preset=\"default\"][et_pb_row _builder_version=\"4.9.2\" _module_preset=\"default\"][et_pb_column type=\"4_4\" _builder_version=\"4.9.2\" _module_preset=\"default\"][et_pb_text _builder_version=\"4.9.2\" _module_preset=\"default\" hover_enabled=\"0\" sticky_enabled=\"0\"]\n\nSigma Alimentos realiza los esfuerzos necesarios para asegurar que la informaci\u00f3n contenida en esta p\u00e1gina sea la correcta al momento de su inclusi\u00f3n en la misma. No obstante, es posible que ocasionalmente existan algunos errores e imprecisiones involuntarios. Sigma Alimentos no proporciona garant\u00edas de ning\u00fan tipo acerca de la informaci\u00f3n contenida en esta p\u00e1gina, incluyendo los enlaces y otros accesorios utilizados de manera directa o indirecta y, al mismo tiempo, se reserva el derecho de realizar cualquier modificaci\u00f3n o cambio sin previo aviso.\n\nSigma Alimentos no acepta ninguna responsabilidad por da\u00f1os o prejuicios directos o indirectos como consecuencia del uso de la informaci\u00f3n contenida en esta p\u00e1gina.\n\nLa informaci\u00f3n incluida en esta p\u00e1gina no constituye o debe ser interpretada como una invitaci\u00f3n para invertir o hacer negocios con acciones de Alfa.\n\nEl visitante que provea informaci\u00f3n a Sigma Alimentos, a trav\u00e9s de este sitio de la Red Mundial (Worldwide Web Site), acepta impl\u00edcitamente que esta informaci\u00f3n es no confidencial y que Sigma Alimentos tiene el derecho de utilizar la misma para los fines que juzgue convenientes.\n\n[\/et_pb_text][\/et_pb_column][\/et_pb_row][\/et_pb_section]","_et_gb_content_width":"","footnotes":""},"class_list":["post-693","page","type-page","status-publish","hentry"],"_links":{"self":[{"href":"https:\/\/www.vigar.mx\/en\/wp-json\/wp\/v2\/pages\/693","targetHints":{"allow":["GET"]}}],"collection":[{"href":"https:\/\/www.vigar.mx\/en\/wp-json\/wp\/v2\/pages"}],"about":[{"href":"https:\/\/www.vigar.mx\/en\/wp-json\/wp\/v2\/types\/page"}],"author":[{"embeddable":true,"href":"https:\/\/www.vigar.mx\/en\/wp-json\/wp\/v2\/users\/1"}],"replies":[{"embeddable":true,"href":"https:\/\/www.vigar.mx\/en\/wp-json\/wp\/v2\/comments?post=693"}],"version-history":[{"count":4,"href":"https:\/\/www.vigar.mx\/en\/wp-json\/wp\/v2\/pages\/693\/revisions"}],"predecessor-version":[{"id":733,"href":"https:\/\/www.vigar.mx\/en\/wp-json\/wp\/v2\/pages\/693\/revisions\/733"}],"wp:attachment":[{"href":"https:\/\/www.vigar.mx\/en\/wp-json\/wp\/v2\/media?parent=693"}],"curies":[{"name":"wp","href":"https:\/\/api.w.org\/{rel}","templated":true}]}}